{"id":235,"date":"2025-05-23T18:37:54","date_gmt":"2025-05-23T16:37:54","guid":{"rendered":"http:\/\/humanfirst-management.com\/?page_id=235"},"modified":"2025-06-06T08:53:53","modified_gmt":"2025-06-06T06:53:53","slug":"nos-services","status":"publish","type":"page","link":"https:\/\/humanfirst-management.com\/index.php\/nos-services\/","title":{"rendered":"Nos services"},"content":{"rendered":"\n<p><em>Human First Management<\/em>&nbsp;propose un accompagnement complet, structur\u00e9 autour des besoins essentiels d\u2019un joueur, \u00e0 chaque \u00e9tape de sa carri\u00e8re. Nous mettons en \u0153uvre une approche individualis\u00e9e, discr\u00e8te et strat\u00e9gique, avec une attention particuli\u00e8re port\u00e9e \u00e0 l\u2019\u00e9quilibre entre performance et construction personnelle.<\/p>\n\n\n\n<h3 class=\"wp-block-heading\">Repr\u00e9sentation contractuelle<\/h3>\n\n\n\n<p>N\u00e9gociation et suivi des contrats sportifs, accompagnement dans les discussions avec les clubs, veille juridique et administrative.<br>Notre priorit\u00e9\u202f: d\u00e9fendre au mieux tes int\u00e9r\u00eats tout en assurant la s\u00e9curit\u00e9 et la lisibilit\u00e9 de chaque engagement.<\/p>\n\n\n\n<h3 class=\"wp-block-heading\">Gestion de carri\u00e8re<\/h3>\n\n\n\n<p>\u00c9laboration d\u2019une strat\u00e9gie de carri\u00e8re \u00e0 court, moyen et long terme.<br>Analyse des opportunit\u00e9s, anticipation des \u00e9tapes cl\u00e9s, conseils dans les choix sportifs et extra-sportifs.<\/p>\n\n\n\n<h3 class=\"wp-block-heading\">D\u00e9veloppement personnel &amp; soutien quotidien<\/h3>\n\n\n\n<p>Mise en relation avec des professionnels de confiance (pr\u00e9parateurs mentaux, conseillers en nutrition, etc.), soutien dans l\u2019organisation de la vie quotidienne, aide \u00e0 la prise de d\u00e9cision dans les moments importants.<\/p>\n","protected":false},"excerpt":{"rendered":"<p>Human First Management&nbsp;propose un accompagnement complet, structur\u00e9 autour des besoins essentiels d\u2019un joueur, \u00e0 chaque \u00e9tape de sa carri\u00e8re. Nous mettons en \u0153uvre une approche individualis\u00e9e, discr\u00e8te et strat\u00e9gique, avec une attention particuli\u00e8re port\u00e9e \u00e0 l\u2019\u00e9quilibre entre performance et construction personnelle. Repr\u00e9sentation contractuelle N\u00e9gociation et suivi des contrats sportifs, accompagnement dans les discussions avec les [&hellip;]<\/p>\n","protected":false},"author":1,"featured_media":0,"parent":0,"menu_order":0,"comment_status":"closed","ping_status":"closed","template":"","meta":{"saved_in_kubio":true,"footnotes":""},"class_list":["post-235","page","type-page","status-publish","hentry"],"kubio_ai_page_context":{"short_desc":"","purpose":"general"},"yoast_head":"<!-- This site is optimized with the Yoast SEO plugin v26.2 - https:\/\/yoast.com\/wordpress\/plugins\/seo\/ -->\n<title>Nos services - Human First Management : Agent de joueurs de football<\/title>\n<meta name=\"robots\" content=\"index, follow, max-snippet:-1, max-image-preview:large, max-video-preview:-1\" \/>\n<link rel=\"canonical\" href=\"https:\/\/humanfirst-management.com\/index.php\/nos-services\/\" \/>\n<meta property=\"og:locale\" content=\"fr_FR\" \/>\n<meta property=\"og:type\" content=\"article\" \/>\n<meta property=\"og:title\" content=\"Nos services - Human First Management : Agent de joueurs de football\" \/>\n<meta property=\"og:description\" content=\"Human First Management&nbsp;propose un accompagnement complet, structur\u00e9 autour des besoins essentiels d\u2019un joueur, \u00e0 chaque \u00e9tape de sa carri\u00e8re. Nous mettons en \u0153uvre une approche individualis\u00e9e, discr\u00e8te et strat\u00e9gique, avec une attention particuli\u00e8re port\u00e9e \u00e0 l\u2019\u00e9quilibre entre performance et construction personnelle. Repr\u00e9sentation contractuelle N\u00e9gociation et suivi des contrats sportifs, accompagnement dans les discussions avec les [&hellip;]\" \/>\n<meta property=\"og:url\" content=\"https:\/\/humanfirst-management.com\/index.php\/nos-services\/\" \/>\n<meta property=\"og:site_name\" content=\"Human First Management : Agent de joueurs de football\" \/>\n<meta property=\"article:modified_time\" content=\"2025-06-06T06:53:53+00:00\" \/>\n<meta name=\"twitter:card\" content=\"summary_large_image\" \/>\n<meta name=\"twitter:label1\" content=\"Dur\u00e9e de lecture estim\u00e9e\" \/>\n\t<meta name=\"twitter:data1\" content=\"1 minute\" \/>\n<script type=\"application\/ld+json\" class=\"yoast-schema-graph\">{\"@context\":\"https:\/\/schema.org\",\"@graph\":[{\"@type\":\"WebPage\",\"@id\":\"https:\/\/humanfirst-management.com\/index.php\/nos-services\/\",\"url\":\"https:\/\/humanfirst-management.com\/index.php\/nos-services\/\",\"name\":\"Nos services - Human First Management : Agent de joueurs de football\",\"isPartOf\":{\"@id\":\"https:\/\/humanfirst-management.com\/#website\"},\"datePublished\":\"2025-05-23T16:37:54+00:00\",\"dateModified\":\"2025-06-06T06:53:53+00:00\",\"breadcrumb\":{\"@id\":\"https:\/\/humanfirst-management.com\/index.php\/nos-services\/#breadcrumb\"},\"inLanguage\":\"fr-FR\",\"potentialAction\":[{\"@type\":\"ReadAction\",\"target\":[\"https:\/\/humanfirst-management.com\/index.php\/nos-services\/\"]}]},{\"@type\":\"BreadcrumbList\",\"@id\":\"https:\/\/humanfirst-management.com\/index.php\/nos-services\/#breadcrumb\",\"itemListElement\":[{\"@type\":\"ListItem\",\"position\":1,\"name\":\"Accueil\",\"item\":\"https:\/\/humanfirst-management.com\/\"},{\"@type\":\"ListItem\",\"position\":2,\"name\":\"Nos services\"}]},{\"@type\":\"WebSite\",\"@id\":\"https:\/\/humanfirst-management.com\/#website\",\"url\":\"https:\/\/humanfirst-management.com\/\",\"name\":\"Human First Management\",\"description\":\"Agent de joueurs de football | Repr\u00e9sentation &amp; accompagnement\",\"publisher\":{\"@id\":\"https:\/\/humanfirst-management.com\/#organization\"},\"potentialAction\":[{\"@type\":\"SearchAction\",\"target\":{\"@type\":\"EntryPoint\",\"urlTemplate\":\"https:\/\/humanfirst-management.com\/?s={search_term_string}\"},\"query-input\":{\"@type\":\"PropertyValueSpecification\",\"valueRequired\":true,\"valueName\":\"search_term_string\"}}],\"inLanguage\":\"fr-FR\"},{\"@type\":\"Organization\",\"@id\":\"https:\/\/humanfirst-management.com\/#organization\",\"name\":\"Human First Management\",\"url\":\"https:\/\/humanfirst-management.com\/\",\"logo\":{\"@type\":\"ImageObject\",\"inLanguage\":\"fr-FR\",\"@id\":\"https:\/\/humanfirst-management.com\/#\/schema\/logo\/image\/\",\"url\":\"http:\/\/humanfirst-management.com\/wp-content\/uploads\/2025\/05\/Capture-decran-2025-05-23-a-16.40.39-1.png\",\"contentUrl\":\"http:\/\/humanfirst-management.com\/wp-content\/uploads\/2025\/05\/Capture-decran-2025-05-23-a-16.40.39-1.png\",\"width\":478,\"height\":424,\"caption\":\"Human First Management\"},\"image\":{\"@id\":\"https:\/\/humanfirst-management.com\/#\/schema\/logo\/image\/\"}}]}<\/script>\n<!-- \/ Yoast SEO plugin. -->","yoast_head_json":{"title":"Nos services - Human First Management : Agent de joueurs de football","robots":{"index":"index","follow":"follow","max-snippet":"max-snippet:-1","max-image-preview":"max-image-preview:large","max-video-preview":"max-video-preview:-1"},"canonical":"https:\/\/humanfirst-management.com\/index.php\/nos-services\/","og_locale":"fr_FR","og_type":"article","og_title":"Nos services - Human First Management : Agent de joueurs de football","og_description":"Human First Management&nbsp;propose un accompagnement complet, structur\u00e9 autour des besoins essentiels d\u2019un joueur, \u00e0 chaque \u00e9tape de sa carri\u00e8re. Nous mettons en \u0153uvre une approche individualis\u00e9e, discr\u00e8te et strat\u00e9gique, avec une attention particuli\u00e8re port\u00e9e \u00e0 l\u2019\u00e9quilibre entre performance et construction personnelle. Repr\u00e9sentation contractuelle N\u00e9gociation et suivi des contrats sportifs, accompagnement dans les discussions avec les [&hellip;]","og_url":"https:\/\/humanfirst-management.com\/index.php\/nos-services\/","og_site_name":"Human First Management : Agent de joueurs de football","article_modified_time":"2025-06-06T06:53:53+00:00","twitter_card":"summary_large_image","twitter_misc":{"Dur\u00e9e de lecture estim\u00e9e":"1 minute"},"schema":{"@context":"https:\/\/schema.org","@graph":[{"@type":"WebPage","@id":"https:\/\/humanfirst-management.com\/index.php\/nos-services\/","url":"https:\/\/humanfirst-management.com\/index.php\/nos-services\/","name":"Nos services - Human First Management : Agent de joueurs de football","isPartOf":{"@id":"https:\/\/humanfirst-management.com\/#website"},"datePublished":"2025-05-23T16:37:54+00:00","dateModified":"2025-06-06T06:53:53+00:00","breadcrumb":{"@id":"https:\/\/humanfirst-management.com\/index.php\/nos-services\/#breadcrumb"},"inLanguage":"fr-FR","potentialAction":[{"@type":"ReadAction","target":["https:\/\/humanfirst-management.com\/index.php\/nos-services\/"]}]},{"@type":"BreadcrumbList","@id":"https:\/\/humanfirst-management.com\/index.php\/nos-services\/#breadcrumb","itemListElement":[{"@type":"ListItem","position":1,"name":"Accueil","item":"https:\/\/humanfirst-management.com\/"},{"@type":"ListItem","position":2,"name":"Nos services"}]},{"@type":"WebSite","@id":"https:\/\/humanfirst-management.com\/#website","url":"https:\/\/humanfirst-management.com\/","name":"Human First Management","description":"Agent de joueurs de football | Repr\u00e9sentation &amp; accompagnement","publisher":{"@id":"https:\/\/humanfirst-management.com\/#organization"},"potentialAction":[{"@type":"SearchAction","target":{"@type":"EntryPoint","urlTemplate":"https:\/\/humanfirst-management.com\/?s={search_term_string}"},"query-input":{"@type":"PropertyValueSpecification","valueRequired":true,"valueName":"search_term_string"}}],"inLanguage":"fr-FR"},{"@type":"Organization","@id":"https:\/\/humanfirst-management.com\/#organization","name":"Human First Management","url":"https:\/\/humanfirst-management.com\/","logo":{"@type":"ImageObject","inLanguage":"fr-FR","@id":"https:\/\/humanfirst-management.com\/#\/schema\/logo\/image\/","url":"http:\/\/humanfirst-management.com\/wp-content\/uploads\/2025\/05\/Capture-decran-2025-05-23-a-16.40.39-1.png","contentUrl":"http:\/\/humanfirst-management.com\/wp-content\/uploads\/2025\/05\/Capture-decran-2025-05-23-a-16.40.39-1.png","width":478,"height":424,"caption":"Human First Management"},"image":{"@id":"https:\/\/humanfirst-management.com\/#\/schema\/logo\/image\/"}}]}},"_links":{"self":[{"href":"https:\/\/humanfirst-management.com\/index.php\/wp-json\/wp\/v2\/pages\/235","targetHints":{"allow":["GET"]}}],"collection":[{"href":"https:\/\/humanfirst-management.com\/index.php\/wp-json\/wp\/v2\/pages"}],"about":[{"href":"https:\/\/humanfirst-management.com\/index.php\/wp-json\/wp\/v2\/types\/page"}],"author":[{"embeddable":true,"href":"https:\/\/humanfirst-management.com\/index.php\/wp-json\/wp\/v2\/users\/1"}],"replies":[{"embeddable":true,"href":"https:\/\/humanfirst-management.com\/index.php\/wp-json\/wp\/v2\/comments?post=235"}],"version-history":[{"count":3,"href":"https:\/\/humanfirst-management.com\/index.php\/wp-json\/wp\/v2\/pages\/235\/revisions"}],"predecessor-version":[{"id":409,"href":"https:\/\/humanfirst-management.com\/index.php\/wp-json\/wp\/v2\/pages\/235\/revisions\/409"}],"wp:attachment":[{"href":"https:\/\/humanfirst-management.com\/index.php\/wp-json\/wp\/v2\/media?parent=235"}],"curies":[{"name":"wp","href":"https:\/\/api.w.org\/{rel}","templated":true}]}}