{"id":233,"date":"2025-05-23T18:37:54","date_gmt":"2025-05-23T16:37:54","guid":{"rendered":"http:\/\/humanfirst-management.com\/?page_id=233"},"modified":"2025-05-23T18:44:26","modified_gmt":"2025-05-23T16:44:26","slug":"notre-vision","status":"publish","type":"page","link":"https:\/\/humanfirst-management.com\/index.php\/notre-vision\/","title":{"rendered":"Notre vision"},"content":{"rendered":"\n<p>Chez&nbsp;<em>Human First Management<\/em>, nous croyons que derri\u00e8re chaque performance, il y a une personne. Un joueur, oui, mais aussi un \u00eatre humain, avec ses valeurs, ses ambitions, ses doutes et ses r\u00eaves.<\/p>\n\n\n\n<p>Notre mission n\u2019est pas seulement de n\u00e9gocier des contrats ou de rechercher des opportunit\u00e9s. Elle est d\u2019accompagner chaque talent dans la dur\u00e9e, en construisant une trajectoire align\u00e9e avec ce qu\u2019il est profond\u00e9ment. Parce qu\u2019une carri\u00e8re r\u00e9ussie ne se mesure pas qu\u2019en chiffres ou en palmar\u00e8s, mais en \u00e9quilibre, en progression constante et en choix assum\u00e9s.<\/p>\n\n\n\n<p>Nous pla\u00e7ons l\u2019\u00e9coute, l\u2019int\u00e9grit\u00e9 et l\u2019engagement au c\u0153ur de chaque relation. \u00catre agent, c\u2019est avant tout \u00eatre pr\u00e9sent dans les grands moments comme dans les phases de doute. C\u2019est savoir conseiller sans imposer, proposer sans forcer, prot\u00e9ger sans isoler.<\/p>\n","protected":false},"excerpt":{"rendered":"<p>Chez&nbsp;Human First Management, nous croyons que derri\u00e8re chaque performance, il y a une personne. Un joueur, oui, mais aussi un \u00eatre humain, avec ses valeurs, ses ambitions, ses doutes et ses r\u00eaves. Notre mission n\u2019est pas seulement de n\u00e9gocier des contrats ou de rechercher des opportunit\u00e9s. Elle est d\u2019accompagner chaque talent dans la dur\u00e9e, en [&hellip;]<\/p>\n","protected":false},"author":1,"featured_media":0,"parent":0,"menu_order":0,"comment_status":"closed","ping_status":"closed","template":"","meta":{"saved_in_kubio":false,"footnotes":""},"class_list":["post-233","page","type-page","status-publish","hentry"],"kubio_ai_page_context":{"short_desc":"","purpose":"general"},"yoast_head":"<!-- This site is optimized with the Yoast SEO plugin v26.2 - https:\/\/yoast.com\/wordpress\/plugins\/seo\/ -->\n<title>Notre vision - Human First Management : Agent de joueurs de football<\/title>\n<meta name=\"robots\" content=\"index, follow, max-snippet:-1, max-image-preview:large, max-video-preview:-1\" \/>\n<link rel=\"canonical\" href=\"https:\/\/humanfirst-management.com\/index.php\/notre-vision\/\" \/>\n<meta property=\"og:locale\" content=\"fr_FR\" \/>\n<meta property=\"og:type\" content=\"article\" \/>\n<meta property=\"og:title\" content=\"Notre vision - Human First Management : Agent de joueurs de football\" \/>\n<meta property=\"og:description\" content=\"Chez&nbsp;Human First Management, nous croyons que derri\u00e8re chaque performance, il y a une personne. Un joueur, oui, mais aussi un \u00eatre humain, avec ses valeurs, ses ambitions, ses doutes et ses r\u00eaves. Notre mission n\u2019est pas seulement de n\u00e9gocier des contrats ou de rechercher des opportunit\u00e9s. Elle est d\u2019accompagner chaque talent dans la dur\u00e9e, en [&hellip;]\" \/>\n<meta property=\"og:url\" content=\"https:\/\/humanfirst-management.com\/index.php\/notre-vision\/\" \/>\n<meta property=\"og:site_name\" content=\"Human First Management : Agent de joueurs de football\" \/>\n<meta property=\"article:modified_time\" content=\"2025-05-23T16:44:26+00:00\" \/>\n<meta name=\"twitter:card\" content=\"summary_large_image\" \/>\n<meta name=\"twitter:label1\" content=\"Dur\u00e9e de lecture estim\u00e9e\" \/>\n\t<meta name=\"twitter:data1\" content=\"1 minute\" \/>\n<script type=\"application\/ld+json\" class=\"yoast-schema-graph\">{\"@context\":\"https:\/\/schema.org\",\"@graph\":[{\"@type\":\"WebPage\",\"@id\":\"https:\/\/humanfirst-management.com\/index.php\/notre-vision\/\",\"url\":\"https:\/\/humanfirst-management.com\/index.php\/notre-vision\/\",\"name\":\"Notre vision - Human First Management : Agent de joueurs de football\",\"isPartOf\":{\"@id\":\"https:\/\/humanfirst-management.com\/#website\"},\"datePublished\":\"2025-05-23T16:37:54+00:00\",\"dateModified\":\"2025-05-23T16:44:26+00:00\",\"breadcrumb\":{\"@id\":\"https:\/\/humanfirst-management.com\/index.php\/notre-vision\/#breadcrumb\"},\"inLanguage\":\"fr-FR\",\"potentialAction\":[{\"@type\":\"ReadAction\",\"target\":[\"https:\/\/humanfirst-management.com\/index.php\/notre-vision\/\"]}]},{\"@type\":\"BreadcrumbList\",\"@id\":\"https:\/\/humanfirst-management.com\/index.php\/notre-vision\/#breadcrumb\",\"itemListElement\":[{\"@type\":\"ListItem\",\"position\":1,\"name\":\"Accueil\",\"item\":\"https:\/\/humanfirst-management.com\/\"},{\"@type\":\"ListItem\",\"position\":2,\"name\":\"Notre vision\"}]},{\"@type\":\"WebSite\",\"@id\":\"https:\/\/humanfirst-management.com\/#website\",\"url\":\"https:\/\/humanfirst-management.com\/\",\"name\":\"Human First Management\",\"description\":\"Agent de joueurs de football | Repr\u00e9sentation &amp; accompagnement\",\"publisher\":{\"@id\":\"https:\/\/humanfirst-management.com\/#organization\"},\"potentialAction\":[{\"@type\":\"SearchAction\",\"target\":{\"@type\":\"EntryPoint\",\"urlTemplate\":\"https:\/\/humanfirst-management.com\/?s={search_term_string}\"},\"query-input\":{\"@type\":\"PropertyValueSpecification\",\"valueRequired\":true,\"valueName\":\"search_term_string\"}}],\"inLanguage\":\"fr-FR\"},{\"@type\":\"Organization\",\"@id\":\"https:\/\/humanfirst-management.com\/#organization\",\"name\":\"Human First Management\",\"url\":\"https:\/\/humanfirst-management.com\/\",\"logo\":{\"@type\":\"ImageObject\",\"inLanguage\":\"fr-FR\",\"@id\":\"https:\/\/humanfirst-management.com\/#\/schema\/logo\/image\/\",\"url\":\"http:\/\/humanfirst-management.com\/wp-content\/uploads\/2025\/05\/Capture-decran-2025-05-23-a-16.40.39-1.png\",\"contentUrl\":\"http:\/\/humanfirst-management.com\/wp-content\/uploads\/2025\/05\/Capture-decran-2025-05-23-a-16.40.39-1.png\",\"width\":478,\"height\":424,\"caption\":\"Human First Management\"},\"image\":{\"@id\":\"https:\/\/humanfirst-management.com\/#\/schema\/logo\/image\/\"}}]}<\/script>\n<!-- \/ Yoast SEO plugin. -->","yoast_head_json":{"title":"Notre vision - Human First Management : Agent de joueurs de football","robots":{"index":"index","follow":"follow","max-snippet":"max-snippet:-1","max-image-preview":"max-image-preview:large","max-video-preview":"max-video-preview:-1"},"canonical":"https:\/\/humanfirst-management.com\/index.php\/notre-vision\/","og_locale":"fr_FR","og_type":"article","og_title":"Notre vision - Human First Management : Agent de joueurs de football","og_description":"Chez&nbsp;Human First Management, nous croyons que derri\u00e8re chaque performance, il y a une personne. Un joueur, oui, mais aussi un \u00eatre humain, avec ses valeurs, ses ambitions, ses doutes et ses r\u00eaves. Notre mission n\u2019est pas seulement de n\u00e9gocier des contrats ou de rechercher des opportunit\u00e9s. Elle est d\u2019accompagner chaque talent dans la dur\u00e9e, en [&hellip;]","og_url":"https:\/\/humanfirst-management.com\/index.php\/notre-vision\/","og_site_name":"Human First Management : Agent de joueurs de football","article_modified_time":"2025-05-23T16:44:26+00:00","twitter_card":"summary_large_image","twitter_misc":{"Dur\u00e9e de lecture estim\u00e9e":"1 minute"},"schema":{"@context":"https:\/\/schema.org","@graph":[{"@type":"WebPage","@id":"https:\/\/humanfirst-management.com\/index.php\/notre-vision\/","url":"https:\/\/humanfirst-management.com\/index.php\/notre-vision\/","name":"Notre vision - Human First Management : Agent de joueurs de football","isPartOf":{"@id":"https:\/\/humanfirst-management.com\/#website"},"datePublished":"2025-05-23T16:37:54+00:00","dateModified":"2025-05-23T16:44:26+00:00","breadcrumb":{"@id":"https:\/\/humanfirst-management.com\/index.php\/notre-vision\/#breadcrumb"},"inLanguage":"fr-FR","potentialAction":[{"@type":"ReadAction","target":["https:\/\/humanfirst-management.com\/index.php\/notre-vision\/"]}]},{"@type":"BreadcrumbList","@id":"https:\/\/humanfirst-management.com\/index.php\/notre-vision\/#breadcrumb","itemListElement":[{"@type":"ListItem","position":1,"name":"Accueil","item":"https:\/\/humanfirst-management.com\/"},{"@type":"ListItem","position":2,"name":"Notre vision"}]},{"@type":"WebSite","@id":"https:\/\/humanfirst-management.com\/#website","url":"https:\/\/humanfirst-management.com\/","name":"Human First Management","description":"Agent de joueurs de football | Repr\u00e9sentation &amp; accompagnement","publisher":{"@id":"https:\/\/humanfirst-management.com\/#organization"},"potentialAction":[{"@type":"SearchAction","target":{"@type":"EntryPoint","urlTemplate":"https:\/\/humanfirst-management.com\/?s={search_term_string}"},"query-input":{"@type":"PropertyValueSpecification","valueRequired":true,"valueName":"search_term_string"}}],"inLanguage":"fr-FR"},{"@type":"Organization","@id":"https:\/\/humanfirst-management.com\/#organization","name":"Human First Management","url":"https:\/\/humanfirst-management.com\/","logo":{"@type":"ImageObject","inLanguage":"fr-FR","@id":"https:\/\/humanfirst-management.com\/#\/schema\/logo\/image\/","url":"http:\/\/humanfirst-management.com\/wp-content\/uploads\/2025\/05\/Capture-decran-2025-05-23-a-16.40.39-1.png","contentUrl":"http:\/\/humanfirst-management.com\/wp-content\/uploads\/2025\/05\/Capture-decran-2025-05-23-a-16.40.39-1.png","width":478,"height":424,"caption":"Human First Management"},"image":{"@id":"https:\/\/humanfirst-management.com\/#\/schema\/logo\/image\/"}}]}},"_links":{"self":[{"href":"https:\/\/humanfirst-management.com\/index.php\/wp-json\/wp\/v2\/pages\/233","targetHints":{"allow":["GET"]}}],"collection":[{"href":"https:\/\/humanfirst-management.com\/index.php\/wp-json\/wp\/v2\/pages"}],"about":[{"href":"https:\/\/humanfirst-management.com\/index.php\/wp-json\/wp\/v2\/types\/page"}],"author":[{"embeddable":true,"href":"https:\/\/humanfirst-management.com\/index.php\/wp-json\/wp\/v2\/users\/1"}],"replies":[{"embeddable":true,"href":"https:\/\/humanfirst-management.com\/index.php\/wp-json\/wp\/v2\/comments?post=233"}],"version-history":[{"count":2,"href":"https:\/\/humanfirst-management.com\/index.php\/wp-json\/wp\/v2\/pages\/233\/revisions"}],"predecessor-version":[{"id":251,"href":"https:\/\/humanfirst-management.com\/index.php\/wp-json\/wp\/v2\/pages\/233\/revisions\/251"}],"wp:attachment":[{"href":"https:\/\/humanfirst-management.com\/index.php\/wp-json\/wp\/v2\/media?parent=233"}],"curies":[{"name":"wp","href":"https:\/\/api.w.org\/{rel}","templated":true}]}}