{"id":232,"date":"2025-05-23T18:37:54","date_gmt":"2025-05-23T16:37:54","guid":{"rendered":"http:\/\/humanfirst-management.com\/?page_id=232"},"modified":"2025-05-23T20:19:23","modified_gmt":"2025-05-23T18:19:23","slug":"lagence","status":"publish","type":"page","link":"https:\/\/humanfirst-management.com\/index.php\/lagence\/","title":{"rendered":"L&rsquo;agence"},"content":{"rendered":"\n<p><em>Human First Management<\/em>&nbsp;est une agence r\u00e9cemment cr\u00e9\u00e9e, n\u00e9e d\u2019une conviction simple : accompagner un joueur, c\u2019est d\u2019abord comprendre la personne qu\u2019il est.<\/p>\n\n\n\n<p>Fond\u00e9e en 2025 par&nbsp;<strong>Ben-Sylvain Gomis<\/strong>, titulaire de la licence d\u2019agent sportif d\u00e9livr\u00e9e par la F\u00e9d\u00e9ration Fran\u00e7aise de Football (FFF), l\u2019agence repose sur une approche ind\u00e9pendante, engag\u00e9e et r\u00e9solument humaine. Nous croyons que chaque parcours m\u00e9rite une attention sur mesure, et que la confiance est le socle de toute relation professionnelle solide.<\/p>\n\n\n\n<p>M\u00eame jeune,&nbsp;<em>Human First Management<\/em>&nbsp;s\u2019inscrit dans une dynamique de rigueur, d\u2019\u00e9coute et de clart\u00e9. Nous ne promettons pas l\u2019impossible. Nous avan\u00e7ons \u00e9tape par \u00e9tape, avec s\u00e9rieux, constance et respect.<\/p>\n\n\n\n<p>Notre ambition n\u2019est pas de multiplier les profils, mais de construire, avec chaque joueur accompagn\u00e9, un projet coh\u00e9rent, align\u00e9 et durable sur le terrain comme en dehors.<\/p>\n","protected":false},"excerpt":{"rendered":"<p>Human First Management&nbsp;est une agence r\u00e9cemment cr\u00e9\u00e9e, n\u00e9e d\u2019une conviction simple : accompagner un joueur, c\u2019est d\u2019abord comprendre la personne qu\u2019il est. Fond\u00e9e en 2025 par&nbsp;Ben-Sylvain Gomis, titulaire de la licence d\u2019agent sportif d\u00e9livr\u00e9e par la F\u00e9d\u00e9ration Fran\u00e7aise de Football (FFF), l\u2019agence repose sur une approche ind\u00e9pendante, engag\u00e9e et r\u00e9solument humaine. Nous croyons que chaque [&hellip;]<\/p>\n","protected":false},"author":1,"featured_media":0,"parent":0,"menu_order":0,"comment_status":"closed","ping_status":"closed","template":"","meta":{"saved_in_kubio":true,"footnotes":""},"class_list":["post-232","page","type-page","status-publish","hentry"],"kubio_ai_page_context":{"short_desc":"","purpose":"general"},"yoast_head":"<!-- This site is optimized with the Yoast SEO plugin v26.2 - https:\/\/yoast.com\/wordpress\/plugins\/seo\/ -->\n<title>L&#039;agence - Human First Management : Agent de joueurs de football<\/title>\n<meta name=\"robots\" content=\"index, follow, max-snippet:-1, max-image-preview:large, max-video-preview:-1\" \/>\n<link rel=\"canonical\" href=\"https:\/\/humanfirst-management.com\/index.php\/lagence\/\" \/>\n<meta property=\"og:locale\" content=\"fr_FR\" \/>\n<meta property=\"og:type\" content=\"article\" \/>\n<meta property=\"og:title\" content=\"L&#039;agence - Human First Management : Agent de joueurs de football\" \/>\n<meta property=\"og:description\" content=\"Human First Management&nbsp;est une agence r\u00e9cemment cr\u00e9\u00e9e, n\u00e9e d\u2019une conviction simple : accompagner un joueur, c\u2019est d\u2019abord comprendre la personne qu\u2019il est. Fond\u00e9e en 2025 par&nbsp;Ben-Sylvain Gomis, titulaire de la licence d\u2019agent sportif d\u00e9livr\u00e9e par la F\u00e9d\u00e9ration Fran\u00e7aise de Football (FFF), l\u2019agence repose sur une approche ind\u00e9pendante, engag\u00e9e et r\u00e9solument humaine. Nous croyons que chaque [&hellip;]\" \/>\n<meta property=\"og:url\" content=\"https:\/\/humanfirst-management.com\/index.php\/lagence\/\" \/>\n<meta property=\"og:site_name\" content=\"Human First Management : Agent de joueurs de football\" \/>\n<meta property=\"article:modified_time\" content=\"2025-05-23T18:19:23+00:00\" \/>\n<meta name=\"twitter:card\" content=\"summary_large_image\" \/>\n<meta name=\"twitter:label1\" content=\"Dur\u00e9e de lecture estim\u00e9e\" \/>\n\t<meta name=\"twitter:data1\" content=\"1 minute\" \/>\n<script type=\"application\/ld+json\" class=\"yoast-schema-graph\">{\"@context\":\"https:\/\/schema.org\",\"@graph\":[{\"@type\":\"WebPage\",\"@id\":\"https:\/\/humanfirst-management.com\/index.php\/lagence\/\",\"url\":\"https:\/\/humanfirst-management.com\/index.php\/lagence\/\",\"name\":\"L'agence - Human First Management : Agent de joueurs de football\",\"isPartOf\":{\"@id\":\"https:\/\/humanfirst-management.com\/#website\"},\"datePublished\":\"2025-05-23T16:37:54+00:00\",\"dateModified\":\"2025-05-23T18:19:23+00:00\",\"breadcrumb\":{\"@id\":\"https:\/\/humanfirst-management.com\/index.php\/lagence\/#breadcrumb\"},\"inLanguage\":\"fr-FR\",\"potentialAction\":[{\"@type\":\"ReadAction\",\"target\":[\"https:\/\/humanfirst-management.com\/index.php\/lagence\/\"]}]},{\"@type\":\"BreadcrumbList\",\"@id\":\"https:\/\/humanfirst-management.com\/index.php\/lagence\/#breadcrumb\",\"itemListElement\":[{\"@type\":\"ListItem\",\"position\":1,\"name\":\"Accueil\",\"item\":\"https:\/\/humanfirst-management.com\/\"},{\"@type\":\"ListItem\",\"position\":2,\"name\":\"L&rsquo;agence\"}]},{\"@type\":\"WebSite\",\"@id\":\"https:\/\/humanfirst-management.com\/#website\",\"url\":\"https:\/\/humanfirst-management.com\/\",\"name\":\"Human First Management\",\"description\":\"Agent de joueurs de football | Repr\u00e9sentation &amp; accompagnement\",\"publisher\":{\"@id\":\"https:\/\/humanfirst-management.com\/#organization\"},\"potentialAction\":[{\"@type\":\"SearchAction\",\"target\":{\"@type\":\"EntryPoint\",\"urlTemplate\":\"https:\/\/humanfirst-management.com\/?s={search_term_string}\"},\"query-input\":{\"@type\":\"PropertyValueSpecification\",\"valueRequired\":true,\"valueName\":\"search_term_string\"}}],\"inLanguage\":\"fr-FR\"},{\"@type\":\"Organization\",\"@id\":\"https:\/\/humanfirst-management.com\/#organization\",\"name\":\"Human First Management\",\"url\":\"https:\/\/humanfirst-management.com\/\",\"logo\":{\"@type\":\"ImageObject\",\"inLanguage\":\"fr-FR\",\"@id\":\"https:\/\/humanfirst-management.com\/#\/schema\/logo\/image\/\",\"url\":\"http:\/\/humanfirst-management.com\/wp-content\/uploads\/2025\/05\/Capture-decran-2025-05-23-a-16.40.39-1.png\",\"contentUrl\":\"http:\/\/humanfirst-management.com\/wp-content\/uploads\/2025\/05\/Capture-decran-2025-05-23-a-16.40.39-1.png\",\"width\":478,\"height\":424,\"caption\":\"Human First Management\"},\"image\":{\"@id\":\"https:\/\/humanfirst-management.com\/#\/schema\/logo\/image\/\"}}]}<\/script>\n<!-- \/ Yoast SEO plugin. -->","yoast_head_json":{"title":"L'agence - Human First Management : Agent de joueurs de football","robots":{"index":"index","follow":"follow","max-snippet":"max-snippet:-1","max-image-preview":"max-image-preview:large","max-video-preview":"max-video-preview:-1"},"canonical":"https:\/\/humanfirst-management.com\/index.php\/lagence\/","og_locale":"fr_FR","og_type":"article","og_title":"L'agence - Human First Management : Agent de joueurs de football","og_description":"Human First Management&nbsp;est une agence r\u00e9cemment cr\u00e9\u00e9e, n\u00e9e d\u2019une conviction simple : accompagner un joueur, c\u2019est d\u2019abord comprendre la personne qu\u2019il est. Fond\u00e9e en 2025 par&nbsp;Ben-Sylvain Gomis, titulaire de la licence d\u2019agent sportif d\u00e9livr\u00e9e par la F\u00e9d\u00e9ration Fran\u00e7aise de Football (FFF), l\u2019agence repose sur une approche ind\u00e9pendante, engag\u00e9e et r\u00e9solument humaine. Nous croyons que chaque [&hellip;]","og_url":"https:\/\/humanfirst-management.com\/index.php\/lagence\/","og_site_name":"Human First Management : Agent de joueurs de football","article_modified_time":"2025-05-23T18:19:23+00:00","twitter_card":"summary_large_image","twitter_misc":{"Dur\u00e9e de lecture estim\u00e9e":"1 minute"},"schema":{"@context":"https:\/\/schema.org","@graph":[{"@type":"WebPage","@id":"https:\/\/humanfirst-management.com\/index.php\/lagence\/","url":"https:\/\/humanfirst-management.com\/index.php\/lagence\/","name":"L'agence - Human First Management : Agent de joueurs de football","isPartOf":{"@id":"https:\/\/humanfirst-management.com\/#website"},"datePublished":"2025-05-23T16:37:54+00:00","dateModified":"2025-05-23T18:19:23+00:00","breadcrumb":{"@id":"https:\/\/humanfirst-management.com\/index.php\/lagence\/#breadcrumb"},"inLanguage":"fr-FR","potentialAction":[{"@type":"ReadAction","target":["https:\/\/humanfirst-management.com\/index.php\/lagence\/"]}]},{"@type":"BreadcrumbList","@id":"https:\/\/humanfirst-management.com\/index.php\/lagence\/#breadcrumb","itemListElement":[{"@type":"ListItem","position":1,"name":"Accueil","item":"https:\/\/humanfirst-management.com\/"},{"@type":"ListItem","position":2,"name":"L&rsquo;agence"}]},{"@type":"WebSite","@id":"https:\/\/humanfirst-management.com\/#website","url":"https:\/\/humanfirst-management.com\/","name":"Human First Management","description":"Agent de joueurs de football | Repr\u00e9sentation &amp; accompagnement","publisher":{"@id":"https:\/\/humanfirst-management.com\/#organization"},"potentialAction":[{"@type":"SearchAction","target":{"@type":"EntryPoint","urlTemplate":"https:\/\/humanfirst-management.com\/?s={search_term_string}"},"query-input":{"@type":"PropertyValueSpecification","valueRequired":true,"valueName":"search_term_string"}}],"inLanguage":"fr-FR"},{"@type":"Organization","@id":"https:\/\/humanfirst-management.com\/#organization","name":"Human First Management","url":"https:\/\/humanfirst-management.com\/","logo":{"@type":"ImageObject","inLanguage":"fr-FR","@id":"https:\/\/humanfirst-management.com\/#\/schema\/logo\/image\/","url":"http:\/\/humanfirst-management.com\/wp-content\/uploads\/2025\/05\/Capture-decran-2025-05-23-a-16.40.39-1.png","contentUrl":"http:\/\/humanfirst-management.com\/wp-content\/uploads\/2025\/05\/Capture-decran-2025-05-23-a-16.40.39-1.png","width":478,"height":424,"caption":"Human First Management"},"image":{"@id":"https:\/\/humanfirst-management.com\/#\/schema\/logo\/image\/"}}]}},"_links":{"self":[{"href":"https:\/\/humanfirst-management.com\/index.php\/wp-json\/wp\/v2\/pages\/232","targetHints":{"allow":["GET"]}}],"collection":[{"href":"https:\/\/humanfirst-management.com\/index.php\/wp-json\/wp\/v2\/pages"}],"about":[{"href":"https:\/\/humanfirst-management.com\/index.php\/wp-json\/wp\/v2\/types\/page"}],"author":[{"embeddable":true,"href":"https:\/\/humanfirst-management.com\/index.php\/wp-json\/wp\/v2\/users\/1"}],"replies":[{"embeddable":true,"href":"https:\/\/humanfirst-management.com\/index.php\/wp-json\/wp\/v2\/comments?post=232"}],"version-history":[{"count":3,"href":"https:\/\/humanfirst-management.com\/index.php\/wp-json\/wp\/v2\/pages\/232\/revisions"}],"predecessor-version":[{"id":300,"href":"https:\/\/humanfirst-management.com\/index.php\/wp-json\/wp\/v2\/pages\/232\/revisions\/300"}],"wp:attachment":[{"href":"https:\/\/humanfirst-management.com\/index.php\/wp-json\/wp\/v2\/media?parent=232"}],"curies":[{"name":"wp","href":"https:\/\/api.w.org\/{rel}","templated":true}]}}